{"id":10,"date":"2022-09-07T09:44:54","date_gmt":"2022-09-07T09:44:54","guid":{"rendered":"https:\/\/www.seokeltti.fi\/_\/?page_id=10"},"modified":"2026-01-21T07:39:48","modified_gmt":"2026-01-21T07:39:48","slug":"etusivu","status":"publish","type":"page","link":"https:\/\/www.seokeltti.fi\/_\/","title":{"rendered":"Etusivu"},"content":{"rendered":"<div id=\"cs-content\" class=\"cs-content\"><div class=\"x-section e10-e1 ma-0 ma-1\" id=\"banner\"><div class=\"x-bg\"><div class=\"x-bg-layer-lower-img\"><img decoding=\"async\" src=\"https:\/\/www.seokeltti.fi\/_\/wp-content\/uploads\/2022\/09\/P1599247-1.jpg\" alt=\"SEO Keltin bensa-asema\" loading=\"lazy\"\/><\/div><\/div><div class=\"x-row x-container max width e10-e2 ma-6 ma-7 ma-8 ma-9 ma-a ma-h ma-i\"><div class=\"x-row-inner\"><div class=\"x-col e10-e3 ma-y ma-z\"><div id=\"bannertext2\" class=\"x-text x-text-headline e10-e4 ma-1b ma-1c ma-1d\"><div class=\"x-text-content\"><div class=\"x-text-content-text\"><h1 class=\"x-text-content-text-primary\">SEO. Keltti - Paikallinen yritt\u00e4j\u00e4 palveluksessasi<\/h1>\n<\/div><\/div><\/div><div id=\"bannertext\" class=\"x-text x-content e10-e5 ma-1i ma-1j ma-1k ma-1l\"><p>Tervetuloa tankkaaman omalle asemallesi. <br \/>\nL\u00e4mmitys- ja poltto\u00f6ljyasioissa palvelemme nopeasti ja luotettavasti.<\/p><\/div><a class=\"x-anchor x-anchor-button e10-e6 ma-1p ma-1q\" tabindex=\"0\" href=\"https:\/\/www.seokeltti.fi\/_\/etusivu\/#yhteystiedot\"><div class=\"x-anchor-content\"><div class=\"x-anchor-text\"><span class=\"x-anchor-text-primary\">Ota yhteytt\u00e4<\/span><\/div><\/div><\/a><\/div><\/div><\/div><\/div><div class=\"x-section e10-e7 ma-0 ma-2 ma-3\"><div class=\"x-row x-container max width e10-e8 ma-6 ma-7 ma-8 ma-9 ma-a ma-h ma-j\"><div class=\"x-row-inner\"><div class=\"x-col e10-e9 ma-y ma-z ma-10\"><div class=\"x-row e10-e10 ma-6 ma-7 ma-8 ma-9 ma-a ma-h ma-k\"><div class=\"x-row-inner\"><div class=\"x-col e10-e11 ma-y ma-z ma-11\"><div class=\"x-bg\"><div class=\"x-bg-layer-lower-img\"><img decoding=\"async\" src=\"https:\/\/www.seokeltti.fi\/_\/wp-content\/uploads\/2022\/09\/tankkaaminen.jpg\" alt=\"Henkil\u00f6autoa tankataan huoltoasemalla\" loading=\"lazy\"\/><\/div><\/div><\/div><\/div><\/div><div class=\"x-row e10-e12 ma-6 ma-7 ma-8 ma-9 ma-a ma-h ma-l\"><div class=\"x-row-inner\"><div class=\"x-col e10-e13 ma-y ma-12\"><div class=\"x-text x-text-headline e10-e14 ma-1b ma-1d ma-1e ma-1f\"><div class=\"x-text-content\"><div class=\"x-text-content-text\"><h1 class=\"x-text-content-text-primary\">Tankkaaminen<\/h1>\n<\/div><\/div><\/div><div class=\"x-text x-content e10-e15 ma-1j ma-1k ma-1l ma-1m\">Bensa-asema sijaitsee Keltiss\u00e4. Tankki t\u00e4yteen omalla asemallasi kaikkina p\u00e4ivin\u00e4, vuorokauden ymp\u00e4ri kilpailukykyiseen hintaan. Tervetuloa!<\/div><\/div><\/div><\/div><\/div><div class=\"x-col e10-e16 ma-y ma-z ma-10\"><div class=\"x-row e10-e17 ma-6 ma-7 ma-8 ma-9 ma-a ma-h ma-m\"><div class=\"x-row-inner\"><div class=\"x-col e10-e18 ma-y ma-z ma-11\"><div class=\"x-bg\"><div class=\"x-bg-layer-lower-img\"><img decoding=\"async\" src=\"https:\/\/www.seokeltti.fi\/_\/wp-content\/uploads\/2022\/09\/oljy.jpg\" alt=\"SEO l\u00e4mmitys- ja poltto\u00f6ljy\" loading=\"lazy\"\/><\/div><\/div><\/div><\/div><\/div><div class=\"x-row e10-e19 ma-6 ma-7 ma-8 ma-9 ma-a ma-h ma-n\"><div class=\"x-row-inner\"><div class=\"x-col e10-e20 ma-y ma-12 ma-13 ma-14 ma-15\"><div class=\"x-text x-text-headline e10-e21 ma-1b ma-1d ma-1e ma-1f\"><div class=\"x-text-content\"><div class=\"x-text-content-text\"><h1 class=\"x-text-content-text-primary\">L\u00e4mmitys- ja poltto\u00f6ljy<\/h1>\n<\/div><\/div><\/div><div class=\"x-text x-content e10-e22 ma-1j ma-1k ma-1l ma-1m\"><span>Toimitamme l\u00e4mmitys- ja poltto\u00f6ljyt nopeasti, joustavalla aikataululla edulliseen hintaan. Poltto\u00f6ljytoimitukset my\u00f6s erikseen sovittuun kohteeseen.<\/span><\/div><a class=\"x-anchor x-anchor-button e10-e23 ma-1p ma-1r\" tabindex=\"0\" href=\"https:\/\/www.seokeltti.fi\/_\/etusivu\/#oljyt\"><div class=\"x-anchor-content\"><div class=\"x-anchor-text\"><span class=\"x-anchor-text-primary\">Lue lis\u00e4\u00e4!<\/span><\/div><\/div><\/a><\/div><\/div><\/div><\/div><div class=\"x-col e10-e24 ma-y ma-z ma-10\"><div class=\"x-row e10-e25 ma-6 ma-7 ma-8 ma-9 ma-a ma-h ma-o\"><div class=\"x-row-inner\"><div class=\"x-col e10-e26 ma-y ma-z ma-11\"><div class=\"x-bg\"><div class=\"x-bg-layer-lower-img\"><img decoding=\"async\" src=\"https:\/\/www.seokeltti.fi\/_\/wp-content\/uploads\/2022\/09\/yrityskortti.jpg\" alt=\"SEO yrityskortti\" loading=\"lazy\"\/><\/div><\/div><\/div><\/div><\/div><div class=\"x-row e10-e27 ma-6 ma-7 ma-8 ma-9 ma-a ma-h ma-p\"><div class=\"x-row-inner\"><div class=\"x-col e10-e28 ma-y ma-12 ma-13 ma-14 ma-15\"><div class=\"x-text x-text-headline e10-e29 ma-1b ma-1d ma-1e ma-1f\"><div class=\"x-text-content\"><div class=\"x-text-content-text\"><h1 class=\"x-text-content-text-primary\">SEO. yrityskortti<\/h1>\n<\/div><\/div><\/div><div class=\"x-text x-content e10-e30 ma-1j ma-1k ma-1l ma-1m\"><p>Keskitt\u00e4m\u00e4ll\u00e4 yrityksesi polttoaineostot SEO. asemillemme, s\u00e4\u00e4st\u00e4t selv\u00e4\u00e4 rahaa.<\/p>\n<p>Lue lis\u00e4\u00e4 yrityskortin eduista.<span style=\"text-decoration: underline;\"><span style=\"color: #ffffff;\"><\/span><\/span><\/p><\/div><a class=\"x-anchor x-anchor-button e10-e31 ma-1p ma-1r\" tabindex=\"0\" href=\"https:\/\/seo.fi\/yrityskortti\" target=\"_blank\" rel=\"noopener noreferrer\"><div class=\"x-anchor-content\"><div class=\"x-anchor-text\"><span class=\"x-anchor-text-primary\">Lue lis\u00e4\u00e4!<\/span><\/div><\/div><\/a><\/div><\/div><\/div><\/div><\/div><\/div><\/div><div class=\"x-section e10-e32 ma-0 ma-3 ma-4\"><div class=\"x-row x-container max width e10-e33 ma-6 ma-7 ma-8 ma-9 ma-a ma-h ma-q\"><div class=\"x-row-inner\"><div class=\"x-col e10-e34 ma-y ma-z ma-13 ma-14 ma-15\"><a class=\"x-anchor x-anchor-button e10-e35 ma-1p ma-1q\" tabindex=\"0\" href=\"https:\/\/www.seokeltti.fi\/_\/etusivu\/#yhteystiedot\"><div class=\"x-anchor-content\"><div class=\"x-anchor-text\"><span class=\"x-anchor-text-primary\">Ota yhteytt\u00e4<\/span><\/div><\/div><\/a><\/div><\/div><\/div><\/div><div class=\"x-section e10-e36 ma-0 ma-2 ma-3\" id=\"oljyt\"><div class=\"x-row x-container max width e10-e37 ma-6 ma-8 ma-9 ma-a ma-b ma-h ma-r\"><div class=\"x-row-inner\"><div class=\"x-col e10-e38 ma-y ma-16\"><div class=\"x-text x-text-headline e10-e39 ma-1b ma-1f ma-1g ma-1h\"><div class=\"x-text-content\"><div class=\"x-text-content-text\"><h1 class=\"x-text-content-text-primary\">\ufeffL\u00e4mmitys- ja poltto\u00f6ljy<\/h1>\n<\/div><\/div><\/div><\/div><\/div><\/div><div class=\"x-row e10-e40 ma-6 ma-7 ma-8 ma-9 ma-c ma-d ma-s ma-t ma-u\"><div class=\"x-row-inner\"><div class=\"x-col e10-e41 ma-y ma-z\"><div class=\"x-text x-content e10-e42 ma-1j ma-1k ma-1m ma-1n\"><p>Tilaa l\u00e4mmitys- ja poltto\u00f6jyt meilt\u00e4 edullisesti Kymenlaakson, Iitin ja It\u00e4-Uudenmaan alueille. Paikallisena toimijana toimitamme tilauksen nopeasti ja joustavasti.<\/p>\n<p>Hinta on aina tilausp\u00e4iv\u00e4n hinta ja se sis\u00e4lt\u00e4\u00e4 toimitusmaksun sek\u00e4 arvonlis\u00e4veron 25,5 %. Toimitamme \u00f6ljyt aina sovitusti, juuri sinun tarpeesi ja toiveesi huomioiden.<\/p><\/div><\/div><div class=\"x-col e10-e43 ma-y ma-z ma-13 ma-14 ma-17\"><span class=\"x-image e10-e44 ma-1s ma-1t ma-1u\"><img decoding=\"async\" src=\"https:\/\/www.seokeltti.fi\/_\/wp-content\/uploads\/2022\/09\/P1599083.jpg\" width=\"500\" height=\"334\" alt=\"Paikallinen SEO-yritt\u00e4j\u00e4 Atte Kohtaniemi siirt\u00e4m\u00e4ss\u00e4 \u00f6ljy\u00e4.\" loading=\"lazy\"><\/span><\/div><\/div><\/div><div class=\"x-row e10-e45 ma-6 ma-8 ma-9 ma-c ma-d ma-e ma-s ma-t ma-v\"><div class=\"x-row-inner\"><div class=\"x-col e10-e46 ma-y ma-z ma-13 ma-14 ma-17\"><span class=\"x-image e10-e47 ma-1s ma-1u ma-1v\"><img decoding=\"async\" src=\"https:\/\/www.seokeltti.fi\/_\/wp-content\/uploads\/2022\/09\/P1599099-2.jpg\" width=\"500\" height=\"333\" alt=\"Paikallinen SEO-yritt\u00e4j\u00e4 Atte Kohtaniemi siirt\u00e4m\u00e4ss\u00e4 \u00f6ljy\u00e4.\" loading=\"lazy\"><\/span><\/div><div class=\"x-col e10-e48 ma-y ma-z\"><div class=\"x-text x-content e10-e49 ma-1j ma-1k ma-1m ma-1n\"><p>Toimitusten laadut perille toimitettuina:<\/p>\n<ul>\n<li>Poltto- ja l&auml;mmitys&ouml;ljy kes&auml;laatu. Ymp&auml;rivuotiseen k&auml;ytt&ouml;&ouml;n, s&auml;ilytys maanalaisessa s&auml;ili&ouml;ss&auml; tai sis&auml;tiloissa. Moottoreihin ja l&auml;mmitykseen. Kes&auml;aikana (1.5.-31.8.) toimitettavan kes&auml;laatuisen poltto&ouml;ljyn samepiste on 0&deg;C ja muulloin -3&deg;C.<br \/><br \/><\/li>\n<li>Poltto- ja l&auml;mmitys&ouml;ljy talvilaatu. Ymp&auml;rivuotiseen k&auml;ytt&ouml;&ouml;n, voidaan s&auml;ilytt&auml;&auml; ulkotiloissa. Moottoreihin ja l&auml;mmitykseen. (-29\/-34).<br \/><br \/><\/li>\n<li>Diesel kes&auml;laatu -10\/-20.<br \/><br \/><\/li>\n<li>Diesel talvilaatu -29\/-34.<\/li>\n<\/ul><\/div><div class=\"x-text x-content e10-e50 ma-1j ma-1k ma-1m ma-1n\"><p>Pientoimituksista sovitaan erikseen tilatessa.<\/p>\n<p>Voit sopia my\u00f6s automaattit\u00e4yt\u00f6st\u00e4, jolloin sinun ei tarvitse huolehtia poltto\u00f6ljyn loppumisesta. <strong><span style=\"text-decoration: underline;\"><a href=\"#yhteystiedot\">Kysy lis\u00e4\u00e4!<\/a><\/span><\/strong><\/p>\n<p>Pikatoimitukset my\u00f6s viikonloppuisin, numerosta 045 643 0060.<\/p><\/div><\/div><\/div><\/div><\/div><div class=\"x-section e10-e51 ma-0 ma-2 ma-3 ma-5\" id=\"yhteystiedot\"><div class=\"x-row x-container max width e10-e52 ma-6 ma-7 ma-8 ma-a ma-d ma-f ma-h ma-t ma-w\"><div class=\"x-row-inner\"><div class=\"x-col e10-e53 ma-y ma-z ma-13 ma-15 ma-18\"><span class=\"x-image e10-e54 ma-1s ma-1w\"><img decoding=\"async\" src=\"https:\/\/www.seokeltti.fi\/_\/wp-content\/uploads\/2022\/09\/henkilokuva.jpg\" width=\"250\" height=\"250\" alt=\"SEO-yritt\u00e4j\u00e4 Atte Kohtaniemi\" loading=\"lazy\"><\/span><\/div><div class=\"x-col e10-e55 ma-y ma-16 ma-19\"><div class=\"x-text x-text-headline e10-e56 ma-1b ma-1d ma-1f ma-1g\"><div class=\"x-text-content\"><div class=\"x-text-content-text\"><h1 class=\"x-text-content-text-primary\">Yritt\u00e4j\u00e4<\/h1>\n<\/div><\/div><\/div><div class=\"x-text x-content e10-e57 ma-1j ma-1k ma-1l ma-1m\"><p><span>Paikallinen yritt\u00e4j\u00e4, Atte Kohtaniemi palvelee sinua kaikissa polttoaineasioissa. L\u00e4mmitys- ja poltto\u00f6ljytoimitukset Kymenlaakson, Iitin ja It\u00e4-Uudenmaan alueille edullisesti, nopeasti ja joustavasti. <\/span><\/p>\n<p><span>Tervetuloa tyytyv\u00e4isten asiakkaidemme joukkoon!<\/span><\/p><\/div><\/div><div class=\"x-col e10-e58 ma-y ma-16 ma-19\"><div class=\"x-text x-text-headline e10-e59 ma-1b ma-1d ma-1f ma-1g\"><div class=\"x-text-content\"><div class=\"x-text-content-text\"><h1 class=\"x-text-content-text-primary\">Yhteystiedot<\/h1>\n<\/div><\/div><\/div><div class=\"x-text x-content e10-e60 ma-1j ma-1l ma-1m ma-1o\"><p>SEO Keltti<br \/>\n<span>Helsingintie 408, 45740 Kuusankoski<\/span><br \/>\nAtte Kohtaniemi, puh. <span style=\"text-decoration: underline;\"><span style=\"color: #ffffff;\"><a href=\"tel:+358456430060\" style=\"color: #ffffff; text-decoration: underline;\">045 643 0060<\/a><\/span><\/span><br \/>\n<span style=\"text-decoration: underline;\"><span style=\"color: #ffffff;\"><a href=\"mailto:atte.kohtaniemi@seokohtaniemi.fi\" style=\"color: #ffffff; text-decoration: underline;\">atte.kohtaniemi@seokohtaniemi.fi<\/a><\/span><\/span><\/p><\/div><\/div><\/div><\/div><\/div><div class=\"x-section e10-e61 ma-0 ma-2 ma-3\"><div class=\"x-row x-container max width e10-e62 ma-6 ma-7 ma-9 ma-a ma-g ma-h ma-x\"><div class=\"x-row-inner\"><div class=\"x-col e10-e63 ma-y ma-z ma-13 ma-14 ma-15 ma-1a\"><div class=\"x-text x-text-headline e10-e64 ma-1b ma-1f ma-1g ma-1h\"><div class=\"x-text-content\"><div class=\"x-text-content-text\"><h1 class=\"x-text-content-text-primary\">Ota yhteytt\u00e4<\/h1>\n<\/div><\/div><\/div><div class=\"x-form-integration x-form-integration-wpforms e10-e65 ma-1x\"><div class=\"wpforms-container wpforms-container-full\" id=\"wpforms-24\"><form id=\"wpforms-form-24\" class=\"wpforms-validate wpforms-form wpforms-ajax-form\" data-formid=\"24\" method=\"post\" enctype=\"multipart\/form-data\" action=\"\/_\/wp-json\/wp\/v2\/pages\/10\" data-token=\"597e1866e51cb8e0105174c73b7c9b13\" data-token-time=\"1777678952\"><noscript class=\"wpforms-error-noscript\">Please enable JavaScript in your browser to complete this form.<\/noscript><div class=\"wpforms-field-container\"><div id=\"wpforms-24-field_0-container\" class=\"wpforms-field wpforms-field-name\" data-field-id=\"0\"><label class=\"wpforms-field-label\" for=\"wpforms-24-field_0\">Nimi <span class=\"wpforms-required-label\">*<\/span><\/label><input type=\"text\" id=\"wpforms-24-field_0\" class=\"wpforms-field-medium wpforms-field-required\" name=\"wpforms[fields][0]\" required><\/div><div id=\"wpforms-24-field_1-container\" class=\"wpforms-field wpforms-field-email\" data-field-id=\"1\"><label class=\"wpforms-field-label\" for=\"wpforms-24-field_1\">S\u00e4hk\u00f6posti <span class=\"wpforms-required-label\">*<\/span><\/label><input type=\"email\" id=\"wpforms-24-field_1\" class=\"wpforms-field-medium wpforms-field-required\" name=\"wpforms[fields][1]\" spellcheck=\"false\" required><\/div><div id=\"wpforms-24-field_3-container\" class=\"wpforms-field wpforms-field-phone\" data-field-id=\"3\"><label class=\"wpforms-field-label\" for=\"wpforms-24-field_3\">Puhelin<\/label><input type=\"tel\" id=\"wpforms-24-field_3\" class=\"wpforms-field-medium wpforms-smart-phone-field\" data-rule-smart-phone-field=\"true\" name=\"wpforms[fields][3]\" aria-label=\"Puhelin\" ><\/div><div id=\"wpforms-24-field_2-container\" class=\"wpforms-field wpforms-field-textarea\" data-field-id=\"2\"><label class=\"wpforms-field-label\" for=\"wpforms-24-field_2\">Viesti<\/label><textarea id=\"wpforms-24-field_2\" class=\"wpforms-field-medium\" name=\"wpforms[fields][2]\" ><\/textarea><\/div><\/div><!-- .wpforms-field-container --><div class=\"wpforms-recaptcha-container wpforms-is-recaptcha wpforms-is-recaptcha-type-v3\" ><input type=\"hidden\" name=\"wpforms[recaptcha]\" value=\"\"><\/div><div class=\"wpforms-submit-container\" ><input type=\"hidden\" name=\"wpforms[id]\" value=\"24\"><input type=\"hidden\" name=\"page_title\" value=\"\"><input type=\"hidden\" name=\"page_url\" value=\"https:\/\/www.seokeltti.fi\/_\/wp-json\/wp\/v2\/pages\/10\"><input type=\"hidden\" name=\"url_referer\" value=\"\"><button type=\"submit\" name=\"wpforms[submit]\" id=\"wpforms-submit-24\" class=\"wpforms-submit\" data-alt-text=\"L\u00e4hett\u00e4\u00e4...\" data-submit-text=\"L\u00e4het\u00e4\" aria-live=\"assertive\" value=\"wpforms-submit\">L\u00e4het\u00e4<\/button><img loading=\"lazy\" decoding=\"async\" src=\"https:\/\/www.seokeltti.fi\/_\/wp-content\/plugins\/wpforms\/assets\/images\/submit-spin.svg\" class=\"wpforms-submit-spinner\" style=\"display: none;\" width=\"26\" height=\"26\" alt=\"Loading\"><\/div><\/form><\/div>  <!-- .wpforms-container --><\/div><\/div><\/div><\/div><\/div><\/div>\n","protected":false},"excerpt":{"rendered":"<p>SEO. Keltti &#8211; Paikallinen yritt\u00e4j\u00e4 palveluksessasi Tervetuloa tankkaaman omalle asemallesi. L\u00e4mmitys- ja poltto\u00f6ljyasioissa palvelemme nopeasti ja luotettavasti.Ota yhteytt\u00e4Tankkaaminen Bensa-asema sijaitsee Keltiss\u00e4. Tankki t\u00e4yteen omalla asemallasi kaikkina p\u00e4ivin\u00e4, vuorokauden ymp\u00e4ri kilpailukykyiseen hintaan. Tervetuloa!L\u00e4mmitys- ja poltto\u00f6ljy Toimitamme l\u00e4mmitys- ja poltto\u00f6ljyt nopeasti, joustavalla aikataululla edulliseen hintaan. Poltto\u00f6ljytoimitukset my\u00f6s erikseen sovittuun kohteeseen.Lue lis\u00e4\u00e4!SEO. yrityskortti Keskitt\u00e4m\u00e4ll\u00e4 yrityksesi polttoaineostot SEO. asemillemme, s\u00e4\u00e4st\u00e4t selv\u00e4\u00e4 rahaa. Lue lis\u00e4\u00e4 &#8230; <a href=\"https:\/\/www.seokeltti.fi\/_\/\" class=\"more-link\">Read More<\/a><\/p>\n","protected":false},"author":1,"featured_media":0,"parent":0,"menu_order":0,"comment_status":"closed","ping_status":"closed","template":"template-blank-4.php","meta":{"footnotes":""},"class_list":["post-10","page","type-page","status-publish","hentry","no-post-thumbnail"],"yoast_head":"<!-- This site is optimized with the Yoast SEO plugin v27.5 - https:\/\/yoast.com\/product\/yoast-seo-wordpress\/ -->\n<title>SEO Keltti - Joustava paikallinen yritt\u00e4j\u00e4 palveluksessasi<\/title>\n<meta name=\"description\" content=\"Toimitamme l\u00e4mmitys- ja poltto\u00f6ljyt nopeasti, joustavalla aikataululla edulliseen hintaan. Poltto\u00f6ljytoimitukset my\u00f6s erikseen sovittuun kohteeseen.\" \/>\n<meta name=\"robots\" content=\"index, follow, max-snippet:-1, max-image-preview:large, max-video-preview:-1\" \/>\n<link rel=\"canonical\" href=\"https:\/\/www.seokeltti.fi\/_\/\" \/>\n<meta property=\"og:locale\" content=\"fi_FI\" \/>\n<meta property=\"og:type\" content=\"article\" \/>\n<meta property=\"og:title\" content=\"SEO Keltti - Joustava paikallinen yritt\u00e4j\u00e4 palveluksessasi\" \/>\n<meta property=\"og:description\" content=\"Toimitamme l\u00e4mmitys- ja poltto\u00f6ljyt nopeasti, joustavalla aikataululla edulliseen hintaan. Poltto\u00f6ljytoimitukset my\u00f6s erikseen sovittuun kohteeseen.\" \/>\n<meta property=\"og:url\" content=\"https:\/\/www.seokeltti.fi\/_\/\" \/>\n<meta property=\"og:site_name\" content=\"SEO Keltti\" \/>\n<meta property=\"article:modified_time\" content=\"2026-01-21T07:39:48+00:00\" \/>\n<meta name=\"twitter:card\" content=\"summary_large_image\" \/>\n<meta name=\"twitter:label1\" content=\"Arvioitu lukuaika\" \/>\n\t<meta name=\"twitter:data1\" content=\"3 minuuttia\" \/>\n<script type=\"application\/ld+json\" class=\"yoast-schema-graph\">{\"@context\":\"https:\\\/\\\/schema.org\",\"@graph\":[{\"@type\":\"WebPage\",\"@id\":\"https:\\\/\\\/www.seokeltti.fi\\\/_\\\/\",\"url\":\"https:\\\/\\\/www.seokeltti.fi\\\/_\\\/\",\"name\":\"SEO Keltti - Joustava paikallinen yritt\u00e4j\u00e4 palveluksessasi\",\"isPartOf\":{\"@id\":\"https:\\\/\\\/www.seokeltti.fi\\\/_\\\/#website\"},\"datePublished\":\"2022-09-07T09:44:54+00:00\",\"dateModified\":\"2026-01-21T07:39:48+00:00\",\"description\":\"Toimitamme l\u00e4mmitys- ja poltto\u00f6ljyt nopeasti, joustavalla aikataululla edulliseen hintaan. Poltto\u00f6ljytoimitukset my\u00f6s erikseen sovittuun kohteeseen.\",\"breadcrumb\":{\"@id\":\"https:\\\/\\\/www.seokeltti.fi\\\/_\\\/#breadcrumb\"},\"inLanguage\":\"fi\",\"potentialAction\":[{\"@type\":\"ReadAction\",\"target\":[\"https:\\\/\\\/www.seokeltti.fi\\\/_\\\/\"]}]},{\"@type\":\"BreadcrumbList\",\"@id\":\"https:\\\/\\\/www.seokeltti.fi\\\/_\\\/#breadcrumb\",\"itemListElement\":[{\"@type\":\"ListItem\",\"position\":1,\"name\":\"Etusivu\",\"item\":\"https:\\\/\\\/www.seokeltti.fi\\\/_\\\/\"},{\"@type\":\"ListItem\",\"position\":2,\"name\":\"Etusivu\"}]},{\"@type\":\"WebSite\",\"@id\":\"https:\\\/\\\/www.seokeltti.fi\\\/_\\\/#website\",\"url\":\"https:\\\/\\\/www.seokeltti.fi\\\/_\\\/\",\"name\":\"SEO Keltti\",\"description\":\"\",\"potentialAction\":[{\"@type\":\"SearchAction\",\"target\":{\"@type\":\"EntryPoint\",\"urlTemplate\":\"https:\\\/\\\/www.seokeltti.fi\\\/_\\\/?s={search_term_string}\"},\"query-input\":{\"@type\":\"PropertyValueSpecification\",\"valueRequired\":true,\"valueName\":\"search_term_string\"}}],\"inLanguage\":\"fi\"}]}<\/script>\n<!-- \/ Yoast SEO plugin. -->","yoast_head_json":{"title":"SEO Keltti - Joustava paikallinen yritt\u00e4j\u00e4 palveluksessasi","description":"Toimitamme l\u00e4mmitys- ja poltto\u00f6ljyt nopeasti, joustavalla aikataululla edulliseen hintaan. Poltto\u00f6ljytoimitukset my\u00f6s erikseen sovittuun kohteeseen.","robots":{"index":"index","follow":"follow","max-snippet":"max-snippet:-1","max-image-preview":"max-image-preview:large","max-video-preview":"max-video-preview:-1"},"canonical":"https:\/\/www.seokeltti.fi\/_\/","og_locale":"fi_FI","og_type":"article","og_title":"SEO Keltti - Joustava paikallinen yritt\u00e4j\u00e4 palveluksessasi","og_description":"Toimitamme l\u00e4mmitys- ja poltto\u00f6ljyt nopeasti, joustavalla aikataululla edulliseen hintaan. Poltto\u00f6ljytoimitukset my\u00f6s erikseen sovittuun kohteeseen.","og_url":"https:\/\/www.seokeltti.fi\/_\/","og_site_name":"SEO Keltti","article_modified_time":"2026-01-21T07:39:48+00:00","twitter_card":"summary_large_image","twitter_misc":{"Arvioitu lukuaika":"3 minuuttia"},"schema":{"@context":"https:\/\/schema.org","@graph":[{"@type":"WebPage","@id":"https:\/\/www.seokeltti.fi\/_\/","url":"https:\/\/www.seokeltti.fi\/_\/","name":"SEO Keltti - Joustava paikallinen yritt\u00e4j\u00e4 palveluksessasi","isPartOf":{"@id":"https:\/\/www.seokeltti.fi\/_\/#website"},"datePublished":"2022-09-07T09:44:54+00:00","dateModified":"2026-01-21T07:39:48+00:00","description":"Toimitamme l\u00e4mmitys- ja poltto\u00f6ljyt nopeasti, joustavalla aikataululla edulliseen hintaan. Poltto\u00f6ljytoimitukset my\u00f6s erikseen sovittuun kohteeseen.","breadcrumb":{"@id":"https:\/\/www.seokeltti.fi\/_\/#breadcrumb"},"inLanguage":"fi","potentialAction":[{"@type":"ReadAction","target":["https:\/\/www.seokeltti.fi\/_\/"]}]},{"@type":"BreadcrumbList","@id":"https:\/\/www.seokeltti.fi\/_\/#breadcrumb","itemListElement":[{"@type":"ListItem","position":1,"name":"Etusivu","item":"https:\/\/www.seokeltti.fi\/_\/"},{"@type":"ListItem","position":2,"name":"Etusivu"}]},{"@type":"WebSite","@id":"https:\/\/www.seokeltti.fi\/_\/#website","url":"https:\/\/www.seokeltti.fi\/_\/","name":"SEO Keltti","description":"","potentialAction":[{"@type":"SearchAction","target":{"@type":"EntryPoint","urlTemplate":"https:\/\/www.seokeltti.fi\/_\/?s={search_term_string}"},"query-input":{"@type":"PropertyValueSpecification","valueRequired":true,"valueName":"search_term_string"}}],"inLanguage":"fi"}]}},"_links":{"self":[{"href":"https:\/\/www.seokeltti.fi\/_\/wp-json\/wp\/v2\/pages\/10","targetHints":{"allow":["GET"]}}],"collection":[{"href":"https:\/\/www.seokeltti.fi\/_\/wp-json\/wp\/v2\/pages"}],"about":[{"href":"https:\/\/www.seokeltti.fi\/_\/wp-json\/wp\/v2\/types\/page"}],"author":[{"embeddable":true,"href":"https:\/\/www.seokeltti.fi\/_\/wp-json\/wp\/v2\/users\/1"}],"replies":[{"embeddable":true,"href":"https:\/\/www.seokeltti.fi\/_\/wp-json\/wp\/v2\/comments?post=10"}],"version-history":[{"count":38,"href":"https:\/\/www.seokeltti.fi\/_\/wp-json\/wp\/v2\/pages\/10\/revisions"}],"predecessor-version":[{"id":116,"href":"https:\/\/www.seokeltti.fi\/_\/wp-json\/wp\/v2\/pages\/10\/revisions\/116"}],"wp:attachment":[{"href":"https:\/\/www.seokeltti.fi\/_\/wp-json\/wp\/v2\/media?parent=10"}],"curies":[{"name":"wp","href":"https:\/\/api.w.org\/{rel}","templated":true}]}}